{"id":1155,"date":"2022-12-01T13:54:51","date_gmt":"2022-12-01T13:54:51","guid":{"rendered":"https:\/\/www.danielasbybarock.cz\/?page_id=1155"},"modified":"2023-02-16T18:12:30","modified_gmt":"2023-02-16T18:12:30","slug":"booking","status":"publish","type":"page","link":"https:\/\/www.danielasbybarock.cz\/en\/booking\/","title":{"rendered":"Booking"},"content":{"rendered":"<p>[et_pb_section fb_built=&#8221;1&#8243; _builder_version=&#8221;4.5.0&#8243; _module_preset=&#8221;default&#8221;][et_pb_row use_custom_gutter=&#8221;on&#8221; gutter_width=&#8221;1&#8243; admin_label=&#8221;Deals Row&#8221; _builder_version=&#8221;4.5.0&#8243; background_enable_color=&#8221;off&#8221; custom_padding=&#8221;0px|0px|0px|0px&#8221; locked=&#8221;off&#8221;][et_pb_column type=&#8221;4_4&#8243; _builder_version=&#8221;4.5.0&#8243; custom_padding=&#8221;|||&#8221; custom_padding__hover=&#8221;|||&#8221;][et_pb_cta title=&#8221;Online reservation&#8221; button_url=&#8221;#top&#8221; _builder_version=&#8221;4.5.0&#8243; header_font=&#8221;||on||||||&#8221; header_text_align=&#8221;center&#8221; header_text_color=&#8221;#a38c5f&#8221; header_font_size=&#8221;50px&#8221; header_line_height=&#8221;1.3em&#8221; body_font=&#8221;Libre Franklin|300|||||||&#8221; body_text_color=&#8221;#0f162b&#8221; body_line_height=&#8221;1.9em&#8221; use_background_color=&#8221;off&#8221; custom_button=&#8221;on&#8221; button_text_size=&#8221;16px&#8221; button_text_color=&#8221;#ffffff&#8221; button_bg_color=&#8221;#2f3854&#8243; button_border_width=&#8221;10px&#8221; button_border_color=&#8221;rgba(47,56,84,0)&#8221; button_border_radius=&#8221;51px&#8221; button_letter_spacing=&#8221;1px&#8221; button_font=&#8221;Montserrat|700||on|||||&#8221; button_use_icon=&#8221;off&#8221; text_orientation=&#8221;left&#8221; background_layout=&#8221;light&#8221; custom_margin=&#8221;||||false|false&#8221; custom_padding=&#8221;50px|50px||50px|false|false&#8221; button_text_color_hover=&#8221;#ffffff&#8221; button_border_radius_hover=&#8221;44px&#8221; button_letter_spacing_hover=&#8221;1px&#8221; button_bg_color_hover=&#8221;rgba(47,56,84,0.9)&#8221; button_text_size__hover_enabled=&#8221;off&#8221; button_one_text_size__hover_enabled=&#8221;off&#8221; button_two_text_size__hover_enabled=&#8221;off&#8221; button_text_color__hover_enabled=&#8221;on&#8221; button_text_color__hover=&#8221;#ffffff&#8221; button_one_text_color__hover_enabled=&#8221;off&#8221; button_two_text_color__hover_enabled=&#8221;off&#8221; button_border_width__hover_enabled=&#8221;off&#8221; button_one_border_width__hover_enabled=&#8221;off&#8221; button_two_border_width__hover_enabled=&#8221;off&#8221; button_border_color__hover_enabled=&#8221;off&#8221; button_one_border_color__hover_enabled=&#8221;off&#8221; button_two_border_color__hover_enabled=&#8221;off&#8221; button_border_radius__hover_enabled=&#8221;on&#8221; button_border_radius__hover=&#8221;44px&#8221; button_one_border_radius__hover_enabled=&#8221;off&#8221; button_two_border_radius__hover_enabled=&#8221;off&#8221; button_letter_spacing__hover_enabled=&#8221;on&#8221; button_letter_spacing__hover=&#8221;1px&#8221; button_one_letter_spacing__hover_enabled=&#8221;off&#8221; button_two_letter_spacing__hover_enabled=&#8221;off&#8221; button_bg_color__hover_enabled=&#8221;on&#8221; button_bg_color__hover=&#8221;rgba(47,56,84,0.9)&#8221; button_one_bg_color__hover_enabled=&#8221;off&#8221; button_two_bg_color__hover_enabled=&#8221;off&#8221;][\/et_pb_cta][\/et_pb_column][\/et_pb_row][et_pb_row column_structure=&#8221;1_2,1_2&#8243; _builder_version=&#8221;4.5.0&#8243; _module_preset=&#8221;default&#8221;][et_pb_column type=&#8221;1_2&#8243; _builder_version=&#8221;4.5.0&#8243; _module_preset=&#8221;default&#8221;][et_pb_slider show_arrows=&#8221;off&#8221; show_pagination=&#8221;off&#8221; use_bg_overlay=&#8221;on&#8221; bg_overlay_color=&#8221;rgba(15,22,43,0.25)&#8221; use_text_overlay=&#8221;off&#8221; _builder_version=&#8221;4.5.0&#8243; _module_preset=&#8221;default&#8221; custom_button=&#8221;on&#8221; button_text_size=&#8221;18px&#8221; button_bg_color=&#8221;#a38c5f&#8221; button_border_color=&#8221;#a38c5f&#8221; button_border_radius=&#8221;0px&#8221; button_font=&#8221;Libre Franklin|300||on|||||&#8221; button_custom_margin=&#8221;50px||||false|false&#8221; auto=&#8221;on&#8221; auto_ignore_hover=&#8221;on&#8221; link_option_url=&#8221;https:\/\/www.danielasbybarock.cz\/menu\/&#8221; hover_enabled=&#8221;0&#8243; locked=&#8221;off&#8221;][et_pb_slide heading=&#8221;I want to book a table&#8221; use_bg_overlay=&#8221;on&#8221; bg_overlay_color=&#8221;rgba(15,22,43,0.26)&#8221; _builder_version=&#8221;4.5.0&#8243; _module_preset=&#8221;default&#8221; header_font=&#8221;||on||||||&#8221; header_font_size=&#8221;35px&#8221; background_image=&#8221;https:\/\/www.danielasbybarock.cz\/wp-content\/uploads\/2023\/02\/menu.jpg&#8221; background_enable_image=&#8221;on&#8221; custom_padding=&#8221;50%||50%||true|false&#8221; hover_enabled=&#8221;0&#8243; locked=&#8221;off&#8221; button_link=&#8221;https:\/\/secure.bonvito.net\/consumer\/reservation.php\/external\/reservation\/siteToken\/01mbUjJRIB&#8221; link_option_url=&#8221;https:\/\/secure.bonvito.net\/consumer\/reservation.php\/external\/reservation\/siteToken\/01mbUjJRIB&#8221; url_new_window=&#8221;on&#8221; link_option_url_new_window=&#8221;on&#8221;][\/et_pb_slide][\/et_pb_slider][\/et_pb_column][et_pb_column type=&#8221;1_2&#8243; _builder_version=&#8221;4.5.0&#8243; _module_preset=&#8221;default&#8221;][et_pb_cta title=&#8221;Reservation fee&#8221; button_url=&#8221;#top&#8221; _builder_version=&#8221;4.5.0&#8243; header_font=&#8221;||on||||||&#8221; header_text_align=&#8221;center&#8221; header_text_color=&#8221;#a38c5f&#8221; header_font_size=&#8221;30px&#8221; header_line_height=&#8221;1.3em&#8221; body_font=&#8221;Libre Franklin|300|||||||&#8221; body_text_color=&#8221;#ffffff&#8221; body_line_height=&#8221;1.9em&#8221; background_color=&#8221;#0f162b&#8221; custom_button=&#8221;on&#8221; button_text_size=&#8221;16px&#8221; button_text_color=&#8221;#ffffff&#8221; button_bg_color=&#8221;#2f3854&#8243; button_border_width=&#8221;10px&#8221; button_border_color=&#8221;rgba(47,56,84,0)&#8221; button_border_radius=&#8221;51px&#8221; button_letter_spacing=&#8221;1px&#8221; button_font=&#8221;Montserrat|700||on|||||&#8221; button_use_icon=&#8221;off&#8221; text_orientation=&#8221;left&#8221; background_layout=&#8221;light&#8221; custom_margin=&#8221;||||false|false&#8221; custom_padding=&#8221;50px|50px|30px|50px|false|false&#8221; button_text_color_hover=&#8221;#ffffff&#8221; button_border_radius_hover=&#8221;44px&#8221; button_letter_spacing_hover=&#8221;1px&#8221; button_bg_color_hover=&#8221;rgba(47,56,84,0.9)&#8221; locked=&#8221;off&#8221; button_text_size__hover_enabled=&#8221;off&#8221; button_one_text_size__hover_enabled=&#8221;off&#8221; button_two_text_size__hover_enabled=&#8221;off&#8221; button_text_color__hover_enabled=&#8221;on&#8221; button_text_color__hover=&#8221;#ffffff&#8221; button_one_text_color__hover_enabled=&#8221;off&#8221; button_two_text_color__hover_enabled=&#8221;off&#8221; button_border_width__hover_enabled=&#8221;off&#8221; button_one_border_width__hover_enabled=&#8221;off&#8221; button_two_border_width__hover_enabled=&#8221;off&#8221; button_border_color__hover_enabled=&#8221;off&#8221; button_one_border_color__hover_enabled=&#8221;off&#8221; button_two_border_color__hover_enabled=&#8221;off&#8221; button_border_radius__hover_enabled=&#8221;on&#8221; button_border_radius__hover=&#8221;44px&#8221; button_one_border_radius__hover_enabled=&#8221;off&#8221; button_two_border_radius__hover_enabled=&#8221;off&#8221; button_letter_spacing__hover_enabled=&#8221;on&#8221; button_letter_spacing__hover=&#8221;1px&#8221; button_one_letter_spacing__hover_enabled=&#8221;off&#8221; button_two_letter_spacing__hover_enabled=&#8221;off&#8221; button_bg_color__hover_enabled=&#8221;on&#8221; button_bg_color__hover=&#8221;rgba(47,56,84,0.9)&#8221; button_one_bg_color__hover_enabled=&#8221;off&#8221; button_two_bg_color__hover_enabled=&#8221;off&#8221;]<\/p>\n<div class=\"page\" title=\"Page 1\">\n<div class=\"layoutArea\">\n<div class=\"column\">\n<p style=\"text-align: center;\">In the case of reservations for groups of 8 or more people, a fee of CZK 500 per person must be paid. If this fee is not paid, the reservation will not be confirmed.<\/p>\n<p style=\"text-align: center;\">Thank you for your understanding<\/p>\n<p style=\"text-align: center;\"><em>Danielas by Barock<\/em><\/p>\n<\/div>\n<\/div>\n<\/div>\n<p>[\/et_pb_cta][et_pb_code _builder_version=&#8221;4.5.0&#8243; _module_preset=&#8221;default&#8221; locked=&#8221;off&#8221;]<\/p>\n<div style=\"display: flex; justify-content: center; margin-bottom: 1rem;\"><!-- [et_pb_line_break_holder] --><\/p>\n<div id='product-component-1669659840965'><\/div>\n<p><!-- [et_pb_line_break_holder] --><script type=\"text\/javascript\"><!-- [et_pb_line_break_holder] -->\/*<![CDATA[*\/<!-- [et_pb_line_break_holder] -->(function () {<!-- [et_pb_line_break_holder] -->  var scriptURL = 'https:\/\/sdks.shopifycdn.com\/buy-button\/latest\/buy-button-storefront.min.js';<!-- [et_pb_line_break_holder] -->  if (window.ShopifyBuy) {<!-- [et_pb_line_break_holder] -->    if (window.ShopifyBuy.UI) {<!-- [et_pb_line_break_holder] -->      ShopifyBuyInit();<!-- [et_pb_line_break_holder] -->    } else {<!-- [et_pb_line_break_holder] -->      loadScript();<!-- [et_pb_line_break_holder] -->    }<!-- [et_pb_line_break_holder] -->  } else {<!-- [et_pb_line_break_holder] -->    loadScript();<!-- [et_pb_line_break_holder] -->  }<!-- [et_pb_line_break_holder] -->  function loadScript() {<!-- [et_pb_line_break_holder] -->    var script = document.createElement('script');<!-- [et_pb_line_break_holder] -->    script.async = true;<!-- [et_pb_line_break_holder] -->    script.src = scriptURL;<!-- [et_pb_line_break_holder] -->    (document.getElementsByTagName('head')[0] || document.getElementsByTagName('body')[0]).appendChild(script);<!-- [et_pb_line_break_holder] -->    script.onload = ShopifyBuyInit;<!-- [et_pb_line_break_holder] -->  }<!-- [et_pb_line_break_holder] -->  function ShopifyBuyInit() {<!-- [et_pb_line_break_holder] -->    var client = ShopifyBuy.buildClient({<!-- [et_pb_line_break_holder] -->      domain: 'danielas-by-barock.myshopify.com',<!-- [et_pb_line_break_holder] -->      storefrontAccessToken: '0e763768eff01096afeb66ad89e625ac',<!-- [et_pb_line_break_holder] -->    });<!-- [et_pb_line_break_holder] -->    ShopifyBuy.UI.onReady(client).then(function (ui) {<!-- [et_pb_line_break_holder] -->      ui.createComponent('product', {<!-- [et_pb_line_break_holder] -->        id: '7584637354178',<!-- [et_pb_line_break_holder] -->        node: document.getElementById('product-component-1669659840965'),<!-- [et_pb_line_break_holder] -->        moneyFormat: '%7B%7Bamount_with_comma_separator%7D%7D%20K%C4%8D',<!-- [et_pb_line_break_holder] -->        options: {<!-- [et_pb_line_break_holder] -->  \"product\": {<!-- [et_pb_line_break_holder] -->    \"styles\": {<!-- [et_pb_line_break_holder] -->      \"product\": {<!-- [et_pb_line_break_holder] -->        \"@media (min-width: 601px)\": {<!-- [et_pb_line_break_holder] -->          \"max-width\": \"calc(25% - 20px)\",<!-- [et_pb_line_break_holder] -->          \"margin-left\": \"20px\",<!-- [et_pb_line_break_holder] -->          \"margin-bottom\": \"50px\"<!-- [et_pb_line_break_holder] -->        }<!-- [et_pb_line_break_holder] -->      },<!-- [et_pb_line_break_holder] -->      \"button\": {<!-- [et_pb_line_break_holder] -->        \":hover\": {<!-- [et_pb_line_break_holder] -->          \"background-color\": \"#937e56\"<!-- [et_pb_line_break_holder] -->        },<!-- [et_pb_line_break_holder] -->        \"background-color\": \"#a38c5f\",<!-- [et_pb_line_break_holder] -->        \":focus\": {<!-- [et_pb_line_break_holder] -->          \"background-color\": \"#937e56\"<!-- [et_pb_line_break_holder] -->        },<!-- [et_pb_line_break_holder] -->        \"border-radius\": \"2px\"<!-- [et_pb_line_break_holder] -->      }<!-- [et_pb_line_break_holder] -->    },<!-- [et_pb_line_break_holder] -->    \"text\": {<!-- [et_pb_line_break_holder] -->      \"button\": \"Buy now\"<!-- [et_pb_line_break_holder] -->    }<!-- [et_pb_line_break_holder] -->  },<!-- [et_pb_line_break_holder] -->  \"productSet\": {<!-- [et_pb_line_break_holder] -->    \"styles\": {<!-- [et_pb_line_break_holder] -->      \"products\": {<!-- [et_pb_line_break_holder] -->        \"@media (min-width: 601px)\": {<!-- [et_pb_line_break_holder] -->          \"margin-left\": \"-20px\"<!-- [et_pb_line_break_holder] -->        }<!-- [et_pb_line_break_holder] -->      }<!-- [et_pb_line_break_holder] -->    }<!-- [et_pb_line_break_holder] -->  },<!-- [et_pb_line_break_holder] -->  \"modalProduct\": {<!-- [et_pb_line_break_holder] -->    \"contents\": {<!-- [et_pb_line_break_holder] -->      \"img\": false,<!-- [et_pb_line_break_holder] -->      \"imgWithCarousel\": true,<!-- [et_pb_line_break_holder] -->      \"button\": false,<!-- [et_pb_line_break_holder] -->      \"buttonWithQuantity\": true<!-- [et_pb_line_break_holder] -->    },<!-- [et_pb_line_break_holder] -->    \"styles\": {<!-- [et_pb_line_break_holder] -->      \"product\": {<!-- [et_pb_line_break_holder] -->        \"@media (min-width: 601px)\": {<!-- [et_pb_line_break_holder] -->          \"max-width\": \"100%\",<!-- [et_pb_line_break_holder] -->          \"margin-left\": \"0px\",<!-- [et_pb_line_break_holder] -->          \"margin-bottom\": \"0px\"<!-- [et_pb_line_break_holder] -->        }<!-- [et_pb_line_break_holder] -->      },<!-- [et_pb_line_break_holder] -->      \"button\": {<!-- [et_pb_line_break_holder] -->        \":hover\": {<!-- [et_pb_line_break_holder] -->          \"background-color\": \"#937e56\"<!-- [et_pb_line_break_holder] -->        },<!-- [et_pb_line_break_holder] -->        \"background-color\": \"#a38c5f\",<!-- [et_pb_line_break_holder] -->        \":focus\": {<!-- [et_pb_line_break_holder] -->          \"background-color\": \"#937e56\"<!-- [et_pb_line_break_holder] -->        },<!-- [et_pb_line_break_holder] -->        \"border-radius\": \"2px\"<!-- [et_pb_line_break_holder] -->      }<!-- [et_pb_line_break_holder] -->    },<!-- [et_pb_line_break_holder] -->    \"text\": {<!-- [et_pb_line_break_holder] -->      \"button\": \"Add to cart\"<!-- [et_pb_line_break_holder] -->    }<!-- [et_pb_line_break_holder] -->  },<!-- [et_pb_line_break_holder] -->  \"option\": {},<!-- [et_pb_line_break_holder] -->  \"cart\": {<!-- [et_pb_line_break_holder] -->    \"styles\": {<!-- [et_pb_line_break_holder] -->      \"button\": {<!-- [et_pb_line_break_holder] -->        \":hover\": {<!-- [et_pb_line_break_holder] -->          \"background-color\": \"#937e56\"<!-- [et_pb_line_break_holder] -->        },<!-- [et_pb_line_break_holder] -->        \"background-color\": \"#a38c5f\",<!-- [et_pb_line_break_holder] -->        \":focus\": {<!-- [et_pb_line_break_holder] -->          \"background-color\": \"#937e56\"<!-- [et_pb_line_break_holder] -->        },<!-- [et_pb_line_break_holder] -->        \"border-radius\": \"2px\"<!-- [et_pb_line_break_holder] -->      }<!-- [et_pb_line_break_holder] -->    },<!-- [et_pb_line_break_holder] -->    \"text\": {<!-- [et_pb_line_break_holder] -->      \"total\": \"Subtotal\",<!-- [et_pb_line_break_holder] -->      \"notice\": \"Pokud si objedn\u00e1v\u00e1te voucher a chcete jej zaslat na e-mail, pros\u00edm dejte n\u00e1m to v\u011bd\u011bt v pozn\u00e1mce a jako zp\u016fsob dour\u010den\u00ed vyberte osobn\u00ed vyzvednut\u00ed.\",<!-- [et_pb_line_break_holder] -->      \"button\": \"Checkout\",<!-- [et_pb_line_break_holder] -->      \"noteDescription\": \"Sem pros\u00edm napi\u0161te pozn\u00e1mku k Va\u0161\u00ed objedn\u00e1vce.\"<!-- [et_pb_line_break_holder] -->    },<!-- [et_pb_line_break_holder] -->    \"contents\": {<!-- [et_pb_line_break_holder] -->      \"note\": true<!-- [et_pb_line_break_holder] -->    }<!-- [et_pb_line_break_holder] -->  },<!-- [et_pb_line_break_holder] -->  \"toggle\": {<!-- [et_pb_line_break_holder] -->    \"styles\": {<!-- [et_pb_line_break_holder] -->      \"toggle\": {<!-- [et_pb_line_break_holder] -->        \"background-color\": \"#a38c5f\",<!-- [et_pb_line_break_holder] -->        \":hover\": {<!-- [et_pb_line_break_holder] -->          \"background-color\": \"#937e56\"<!-- [et_pb_line_break_holder] -->        },<!-- [et_pb_line_break_holder] -->        \":focus\": {<!-- [et_pb_line_break_holder] -->          \"background-color\": \"#937e56\"<!-- [et_pb_line_break_holder] -->        }<!-- [et_pb_line_break_holder] -->      }<!-- [et_pb_line_break_holder] -->    }<!-- [et_pb_line_break_holder] -->  }<!-- [et_pb_line_break_holder] -->},<!-- [et_pb_line_break_holder] -->      });<!-- [et_pb_line_break_holder] -->    });<!-- [et_pb_line_break_holder] -->  }<!-- [et_pb_line_break_holder] -->})();<!-- [et_pb_line_break_holder] -->\/*]]>*\/<!-- [et_pb_line_break_holder] --><\/script><!-- [et_pb_line_break_holder] --><\/div>\n<p>[\/et_pb_code][\/et_pb_column][\/et_pb_row][\/et_pb_section]<\/p>\n","protected":false},"excerpt":{"rendered":"<p>[et_pb_section fb_built=&#8221;1&#8243; _builder_version=&#8221;4.5.0&#8243; _module_preset=&#8221;default&#8221;][et_pb_row use_custom_gutter=&#8221;on&#8221; gutter_width=&#8221;1&#8243; admin_label=&#8221;Deals Row&#8221; _builder_version=&#8221;4.5.0&#8243; background_enable_color=&#8221;off&#8221; custom_padding=&#8221;0px|0px|0px|0px&#8221; locked=&#8221;off&#8221;][et_pb_column type=&#8221;4_4&#8243; _builder_version=&#8221;4.5.0&#8243; custom_padding=&#8221;|||&#8221; custom_padding__hover=&#8221;|||&#8221;][et_pb_cta title=&#8221;Online reservation&#8221; button_url=&#8221;#top&#8221; _builder_version=&#8221;4.5.0&#8243; header_font=&#8221;||on||||||&#8221; header_text_align=&#8221;center&#8221; header_text_color=&#8221;#a38c5f&#8221; header_font_size=&#8221;50px&#8221; header_line_height=&#8221;1.3em&#8221; body_font=&#8221;Libre Franklin|300|||||||&#8221; body_text_color=&#8221;#0f162b&#8221; body_line_height=&#8221;1.9em&#8221; use_background_color=&#8221;off&#8221; custom_button=&#8221;on&#8221; button_text_size=&#8221;16px&#8221; button_text_color=&#8221;#ffffff&#8221; button_bg_color=&#8221;#2f3854&#8243; button_border_width=&#8221;10px&#8221; button_border_color=&#8221;rgba(47,56,84,0)&#8221; button_border_radius=&#8221;51px&#8221; button_letter_spacing=&#8221;1px&#8221; button_font=&#8221;Montserrat|700||on|||||&#8221; button_use_icon=&#8221;off&#8221; text_orientation=&#8221;left&#8221; background_layout=&#8221;light&#8221; custom_margin=&#8221;||||false|false&#8221; custom_padding=&#8221;50px|50px||50px|false|false&#8221; button_text_color_hover=&#8221;#ffffff&#8221; button_border_radius_hover=&#8221;44px&#8221; button_letter_spacing_hover=&#8221;1px&#8221; button_bg_color_hover=&#8221;rgba(47,56,84,0.9)&#8221; button_text_size__hover_enabled=&#8221;off&#8221; button_one_text_size__hover_enabled=&#8221;off&#8221; button_two_text_size__hover_enabled=&#8221;off&#8221; button_text_color__hover_enabled=&#8221;on&#8221; button_text_color__hover=&#8221;#ffffff&#8221; button_one_text_color__hover_enabled=&#8221;off&#8221; button_two_text_color__hover_enabled=&#8221;off&#8221; [&hellip;]<\/p>\n","protected":false},"author":1,"featured_media":0,"parent":0,"menu_order":0,"comment_status":"closed","ping_status":"closed","template":"","meta":{"_et_pb_use_builder":"on","_et_pb_old_content":"","_et_gb_content_width":""},"_links":{"self":[{"href":"https:\/\/www.danielasbybarock.cz\/en\/wp-json\/wp\/v2\/pages\/1155"}],"collection":[{"href":"https:\/\/www.danielasbybarock.cz\/en\/wp-json\/wp\/v2\/pages"}],"about":[{"href":"https:\/\/www.danielasbybarock.cz\/en\/wp-json\/wp\/v2\/types\/page"}],"author":[{"embeddable":true,"href":"https:\/\/www.danielasbybarock.cz\/en\/wp-json\/wp\/v2\/users\/1"}],"replies":[{"embeddable":true,"href":"https:\/\/www.danielasbybarock.cz\/en\/wp-json\/wp\/v2\/comments?post=1155"}],"version-history":[{"count":11,"href":"https:\/\/www.danielasbybarock.cz\/en\/wp-json\/wp\/v2\/pages\/1155\/revisions"}],"predecessor-version":[{"id":1307,"href":"https:\/\/www.danielasbybarock.cz\/en\/wp-json\/wp\/v2\/pages\/1155\/revisions\/1307"}],"wp:attachment":[{"href":"https:\/\/www.danielasbybarock.cz\/en\/wp-json\/wp\/v2\/media?parent=1155"}],"curies":[{"name":"wp","href":"https:\/\/api.w.org\/{rel}","templated":true}]}}